{"id":56,"date":"2019-08-30T19:34:17","date_gmt":"2019-08-30T17:34:17","guid":{"rendered":"http:\/\/initiative-wriezener-bahn.de\/?page_id=56"},"modified":"2026-03-04T10:47:28","modified_gmt":"2026-03-04T09:47:28","slug":"satzung","status":"publish","type":"page","link":"https:\/\/initiative-wriezener-bahn.de\/index.php\/satzung\/","title":{"rendered":"Satzung"},"content":{"rendered":"\t\t<div data-elementor-type=\"wp-post\" data-elementor-id=\"56\" class=\"elementor elementor-56\">\n\t\t\t\t\t\t<section class=\"elementor-section elementor-top-section elementor-element elementor-element-cf13720 elementor-section-boxed elementor-section-height-default elementor-section-height-default\" data-id=\"cf13720\" data-element_type=\"section\" data-e-type=\"section\">\n\t\t\t\t\t\t<div class=\"elementor-container elementor-column-gap-default\">\n\t\t\t\t\t<div class=\"elementor-column elementor-col-100 elementor-top-column elementor-element elementor-element-54d1731\" data-id=\"54d1731\" data-element_type=\"column\" data-e-type=\"column\">\n\t\t\t<div class=\"elementor-widget-wrap elementor-element-populated\">\n\t\t\t\t\t\t<div class=\"elementor-element elementor-element-7cdb981 elementor-widget elementor-widget-heading\" data-id=\"7cdb981\" data-element_type=\"widget\" data-e-type=\"widget\" data-widget_type=\"heading.default\">\n\t\t\t\t<div class=\"elementor-widget-container\">\n\t\t\t\t\t<h2 class=\"elementor-heading-title elementor-size-default\">Satzung der Initiative Wriezener Bahn e.V.<\/h2>\t\t\t\t<\/div>\n\t\t\t\t<\/div>\n\t\t\t\t\t<\/div>\n\t\t<\/div>\n\t\t\t\t\t<\/div>\n\t\t<\/section>\n\t\t\t\t<section class=\"elementor-section elementor-top-section elementor-element elementor-element-e042c73 elementor-section-boxed elementor-section-height-default elementor-section-height-default\" data-id=\"e042c73\" data-element_type=\"section\" data-e-type=\"section\">\n\t\t\t\t\t\t<div class=\"elementor-container elementor-column-gap-default\">\n\t\t\t\t\t<div class=\"elementor-column elementor-col-100 elementor-top-column elementor-element elementor-element-2716344\" data-id=\"2716344\" data-element_type=\"column\" data-e-type=\"column\">\n\t\t\t<div class=\"elementor-widget-wrap elementor-element-populated\">\n\t\t\t\t\t\t<div class=\"elementor-element elementor-element-d3aa41a elementor-widget elementor-widget-text-editor\" data-id=\"d3aa41a\" data-element_type=\"widget\" data-e-type=\"widget\" data-widget_type=\"text-editor.default\">\n\t\t\t\t<div class=\"elementor-widget-container\">\n\t\t\t\t\t\t\t\t\t<p><strong>Satzung der Initiative Wriezener Bahn e.V.,\u00a0 <br \/>gegr\u00fcndet am 22.08.2019 in Wriezen<\/strong><\/p><p><strong>ge\u00e4ndert in der fortgesetzten Gr\u00fcndungsversammlung vom 14.11.2019<br \/>ge\u00e4ndert in der Mitgliederversammlung vom 13.2.2020<br \/>ge\u00e4ndert in der Mitgliederversammlung vom 26.11.2021<\/strong><\/p><p><strong> \u00a7 1 Name und Sitz: <\/strong>Der Verein \u201eInitiative Wriezener Bahn e.V.\u201c hat seinen Sitz in Wriezen. Der Verein ist ins Vereinsregister beim Amtsgericht Frankfurt\/Oder eingetragen.<\/p><p><strong> \u00a7 2 Zweck, Gemeinn\u00fctzigkeit des Vereins: <\/strong><\/p><p>2.1. Der Verein mit Sitz in Wriezen verfolgt ausschlie\u00dflich und unmittelbar gemeinn\u00fctzige Zwecke. Eine K\u00f6rperschaft verfolgt gemeinn\u00fctzige Zwecke, wenn ihre T\u00e4tigkeit darauf gerichtet ist, die Allgemeinheit auf materiellem, geistigem oder sittlichem Gebiet selbstlos zu f\u00f6rdern.<\/p><p>2.2. Der Zweck des Vereins ist die F\u00f6rderung der Jugend- und Altenhilfe sowie die F\u00f6rderung des Naturschutzes und der Landschaftspflege im Sinne des Bundesnaturschutzgesetzes und der Naturschutzgesetze der L\u00e4nder, des Umweltschutzes, einschlie\u00dflich des Klimaschutzes, des K\u00fcstenschutzes und des Hochwasserschutzes.<\/p><p>2.3. Der Verein ist selbstlos t\u00e4tig; er verfolgt nicht in erster Linie eigenwirtschaftliche Zwecke.<\/p><p>2.4. Mittel des Vereins d\u00fcrfen nur f\u00fcr die satzungsm\u00e4\u00dfigen Zwecke verwendet werden. Die Mitglieder erhalten keine Zuwendungen aus den Mitteln des Vereins.<\/p><p>2.5. Es darf keine Person durch Ausgaben, die dem Zweck des Vereins fremd sind, oder durch unverh\u00e4ltnism\u00e4\u00dfig hohe Verg\u00fctungen beg\u00fcnstigt werden<\/p><p>Der Satzungszweck wird insbesondere durch folgende Aktivit\u00e4ten verwirklicht:<\/p><ul><li>Unterrichtung der \u00d6ffentlichkeit \u00fcber den energiesparenden und den umweltfreundlichen Charakter des Schienenverkehrs in Vortragsreihen<\/li><li>Beauftragung einer Machbarkeitsstudie zur Reaktivierung der Wriezener Bahn<\/li><li>Radtouren entlang der Trasse um die Teilnehmer \u00fcber die M\u00f6glichkeit der Reaktivierung Verbesserungen im Nahverkehr zu informieren<\/li><li>R\u00fcckschnittarbeiten an der Strecke durchf\u00fchren<\/li><li>die Lebensr\u00e4ume und Lebensbedingungen heimischer Tier- und Pflanzenarten entlang des Streckenverlaufs erforschen, erhalten, verbessern und ggf. neu schaffen<\/li><li>Anbringen von Wildbienenh\u00e4usern<\/li><li>Erlebnis- und\u00a0 Erfahrungsm\u00f6glichkeiten\u00a0 von\u00a0 Kindern &amp; Jugendlichen bilden entlang des Streckenverlaufs (Naturerfahrungsr\u00e4ume) zur St\u00e4rkung\u00a0 des\u00a0 Natur-\u00a0 und\u00a0 Umweltbewusstseins<\/li><li>Anlage und Markierung von Wanderwegen entlang der Bahntrasse<\/li><li>Informationen \u00fcber Tier- und Pflanzenarten und deren Bedeutung anhand von Schautafeln o.\u00e4.<\/li><li>regelm\u00e4\u00dfige Zusammenk\u00fcnfte z.B. \u201eStammtisch Eisenbahn\u201c<\/li><li>Veranstaltungen von Vortr\u00e4gen und Gespr\u00e4chsrunden sowie Unterst\u00fctzung bei historischen Forschungen zur Geschichte der Bahnlinie und des Wriezener Bahnhofsgeb\u00e4udes in der gesamten historischen Breite<\/li><li>Schriftenaustausch und Korrespondenz mit anderen Vereinen<\/li><li>Pflege, Wahrung und Neubelebung historischer Traditionen in Wriezen<\/li><li>Einbeziehung der Jugend in Aktivit\u00e4ten zur Weckung des Interesses an Geschichte und Technik der Eisenbahn (z.B. Wanderungen zu Flora und Fauna entlang der Strecke, Geocaching, Aktionstage: Wie funktioniert eine Bahn?)<\/li><\/ul><p><strong> \u00a7 3 \u00dcberparteilichkeit: <\/strong>Die B\u00fcrgerinitiative Wriezener Bahn e.V. ist \u00fcberparteilich. Der Vereinszeck wird in Zusammenarbeit der verschiedenen gesellschaftspolitischen Auffassungen verfolgt.<\/p><p><strong> \u00a7 4 Mitgliedschaft: <\/strong>Mitglied kann jede nat\u00fcrliche oder juristische Person oder Personengemeinschaft werden. \u00dcber die Aufnahme entscheidet der Vorstand. Eine Ablehnung bedarf keiner Begr\u00fcndung, dem Bewerber steht dann eine Berufung an die n\u00e4chstfolgende Mitgliederversammlung zu, die dann endg\u00fcltig entscheidet.<\/p><p>Die Mitgliedschaften unterscheiden sich in aktive Mitglieder und F\u00f6rdermitglieder. Das aktive und passive Stimmrecht steht nur aktiven Mitgliedern zu.<\/p><p>Die Mitgliedschaft endet durch Tod, durch f\u00f6rmliche Ausschlie\u00dfung nach einem Beschluss der Mitgliederversammlung, wobei das Mitglied vor dem Ausschluss zu h\u00f6ren ist, und durch Austritt. Dieser ist dem Vorstand mindestens einen Monat vor Ende des Kalenderjahres anzuzeigen. Er wird dann zum Ende des Kalenderjahres wirksam.<\/p><p><strong> \u00a7 5 Vorstand: <\/strong>Der Vorstand besteht aus dem\/der Vorsitzenden und zwei stellvertretenden Vorsitzenden, von dem eine\/r Kassenwart und eine\/r Schriftf\u00fchrer ist, sowie maximal vier Beisitzer*innen. Der Verein wird gerichtlich und au\u00dfergerichtlich durch den Vorsitzenden allein oder durch eine Stellvertreter*in und ein weiteres Vorstandsmitglied vertreten. Der Vorstand wird f\u00fcr 3 Jahre von der Mitgliederversammlung gew\u00e4hlt. Die Widerruflichkeit wird auf das Vorliegen wichtiger Gr\u00fcnde, insbesondere grobe Pflichtverletzung oder Unf\u00e4higkeit zur ordnungsgem\u00e4\u00dfen Gesch\u00e4ftsf\u00fchrung, begrenzt.<\/p><p><strong> \u00a7 6 Mitgliederversammlung (MV): <\/strong>Die ordentliche Mitgliederversammlung ist vom Vorstand mindestens einmal j\u00e4hrlich einzuberufen. Ein Drittel der Mitglieder ist berechtigt, die Einberufung einer au\u00dferordentlichen Mitgliederversammlung zu verlangen.<\/p><p>Mitgliederversammlungen k\u00f6nnen sowohl als Pr\u00e4senzveranstaltung wie als Videokonferenz oder als Hybrid-Veranstaltung (gemischt Online und Pr\u00e4senz) stattfinden. Die Einladung hat mindestens 2 Wochen vor dem Termin schriftlich per E-Mail oder per Post und unter Bekanntgabe der Tagesordnung durch den Vorstand zu erfolgen.<\/p><p>Die Mitgliederversammlung beschlie\u00dft insbesondere \u00fcber Satzungs\u00e4nderungen, die Bestellung des Vorstandes und die Beitragssatzung. Beschl\u00fcsse werden mit einfacher Mehrheit, solche \u00fcber Satzungs\u00e4nderungen mit 2\/3-Mehrheit der Anwesenden gefasst. \u00dcber die MV ist ein schriftliches Protokoll zu f\u00fchren, das vom\/von der Schriftf\u00fchrer*in zu unterzeichnen ist.<\/p><p><strong> \u00a7 7 Beitr\u00e4ge:<\/strong> H\u00f6he und Art der Beitr\u00e4ge regelt eine gesonderte Beitragssatzung, \u00fcber die im Rahmen der Mitgliederversammlungen abzustimmen ist.<\/p><p><strong> \u00a7 8 Aufl\u00f6sung: <\/strong>Die Aufl\u00f6sung des Vereins kann nur auf einer besonderen, zu diesem Zwecke mit einer Frist von einem Monat einberufenen au\u00dferordentlichen MV mit einer 4\/5-Mehrheit der anwesenden Mitglieder beschlossen werden. Bei Aufl\u00f6sung des Vereins oder bei Wegfall seiner steuerbeg\u00fcnstigten Zwecke f\u00e4llt das Vereinsverm\u00f6gen an den Museumseisenbahnverein Sternebeck e.V., der es unmittelbar und ausschlie\u00dflich im Vereinsgebiet f\u00fcr gemeinn\u00fctzige Zwecke zu verwenden hat.<\/p><p>Wriezen, 24. November 2021<\/p>\t\t\t\t\t\t\t\t<\/div>\n\t\t\t\t<\/div>\n\t\t\t\t\t<\/div>\n\t\t<\/div>\n\t\t\t\t\t<\/div>\n\t\t<\/section>\n\t\t\t\t<section class=\"elementor-section elementor-top-section elementor-element elementor-element-1b10782 elementor-section-boxed elementor-section-height-default elementor-section-height-default\" data-id=\"1b10782\" data-element_type=\"section\" data-e-type=\"section\">\n\t\t\t\t\t\t<div class=\"elementor-container elementor-column-gap-default\">\n\t\t\t\t\t<div class=\"elementor-column elementor-col-100 elementor-top-column elementor-element elementor-element-7740aa0\" data-id=\"7740aa0\" data-element_type=\"column\" data-e-type=\"column\">\n\t\t\t<div class=\"elementor-widget-wrap elementor-element-populated\">\n\t\t\t\t\t\t<div class=\"elementor-element elementor-element-a749107 elementor-widget elementor-widget-heading\" data-id=\"a749107\" data-element_type=\"widget\" data-e-type=\"widget\" data-widget_type=\"heading.default\">\n\t\t\t\t<div class=\"elementor-widget-container\">\n\t\t\t\t\t<h2 class=\"elementor-heading-title elementor-size-default\">Beitragssatzung der Initiative Wriezener Bahn e.v. (i.G.)<\/h2>\t\t\t\t<\/div>\n\t\t\t\t<\/div>\n\t\t\t\t\t<\/div>\n\t\t<\/div>\n\t\t\t\t\t<\/div>\n\t\t<\/section>\n\t\t\t\t<section class=\"elementor-section elementor-top-section elementor-element elementor-element-cf7f9eb elementor-section-boxed elementor-section-height-default elementor-section-height-default\" data-id=\"cf7f9eb\" data-element_type=\"section\" data-e-type=\"section\">\n\t\t\t\t\t\t<div class=\"elementor-container elementor-column-gap-default\">\n\t\t\t\t\t<div class=\"elementor-column elementor-col-100 elementor-top-column elementor-element elementor-element-b18dcb9\" data-id=\"b18dcb9\" data-element_type=\"column\" data-e-type=\"column\">\n\t\t\t<div class=\"elementor-widget-wrap elementor-element-populated\">\n\t\t\t\t\t\t<div class=\"elementor-element elementor-element-f316217 elementor-widget elementor-widget-text-editor\" data-id=\"f316217\" data-element_type=\"widget\" data-e-type=\"widget\" data-widget_type=\"text-editor.default\">\n\t\t\t\t<div class=\"elementor-widget-container\">\n\t\t\t\t\t\t\t\t\t<h3>\u00a7 1 Aktive Mitgliedschaft:<\/h3>\n<p>Der Beitrag f\u00fcr ordentliche Mitglieder betr\u00e4gt 30,- \u20ac\/ Kalenderjahr. Im Jahr der Aufnahme als ordentliches Mitglied ist der Beitrag in voller H\u00f6he zu bezahlen.<\/p>\n<h3>\u00a7 2 F\u00f6rdermitgliedschaft:<\/h3>\n<p>F\u00fcr F\u00f6rdermitglieder besteht kein Mindestbetrag, es steht ihnen jedoch frei zu spenden.<\/p>\n<h3>\u00a7 3 Mitgliedschaften juristischer Personen:<\/h3>\n<p>Der Beitrag f\u00fcr juristische Personen betr\u00e4gt wahlweise 60,- \u20ac\/Kalenderjahr, 90,- \u20ac\/Kalenderjahr oder 120,- \u20ac\/Kalenderjahr. Der gew\u00e4hlte Beitrag ist im Jahr der Aufnahme in voller H\u00f6he zu bezahlen.<\/p>\n<p style=\"text-align: right;\">22. August 2019<\/p>\t\t\t\t\t\t\t\t<\/div>\n\t\t\t\t<\/div>\n\t\t\t\t\t<\/div>\n\t\t<\/div>\n\t\t\t\t\t<\/div>\n\t\t<\/section>\n\t\t\t\t<\/div>\n\t\t","protected":false},"excerpt":{"rendered":"<p>Satzung der Initiative Wriezener Bahn e.V. Satzung der Initiative Wriezener Bahn e.V.,\u00a0 gegr\u00fcndet am 22.08.2019 in Wriezen ge\u00e4ndert in der fortgesetzten Gr\u00fcndungsversammlung vom 14.11.2019ge\u00e4ndert in der Mitgliederversammlung vom 13.2.2020ge\u00e4ndert in der Mitgliederversammlung vom 26.11.2021 \u00a7 1 Name und Sitz: Der Verein \u201eInitiative Wriezener Bahn e.V.\u201c hat seinen Sitz in Wriezen.<a class=\"moretag\" href=\"https:\/\/initiative-wriezener-bahn.de\/index.php\/satzung\/\"> Weiterlesen<\/a><\/p>\n","protected":false},"author":1,"featured_media":0,"parent":0,"menu_order":0,"comment_status":"closed","ping_status":"closed","template":"page-templates\/template-fullwidth.php","meta":{"footnotes":""},"class_list":["post-56","page","type-page","status-publish","hentry"],"jetpack_sharing_enabled":true,"_links":{"self":[{"href":"https:\/\/initiative-wriezener-bahn.de\/index.php\/wp-json\/wp\/v2\/pages\/56","targetHints":{"allow":["GET"]}}],"collection":[{"href":"https:\/\/initiative-wriezener-bahn.de\/index.php\/wp-json\/wp\/v2\/pages"}],"about":[{"href":"https:\/\/initiative-wriezener-bahn.de\/index.php\/wp-json\/wp\/v2\/types\/page"}],"author":[{"embeddable":true,"href":"https:\/\/initiative-wriezener-bahn.de\/index.php\/wp-json\/wp\/v2\/users\/1"}],"replies":[{"embeddable":true,"href":"https:\/\/initiative-wriezener-bahn.de\/index.php\/wp-json\/wp\/v2\/comments?post=56"}],"version-history":[{"count":6,"href":"https:\/\/initiative-wriezener-bahn.de\/index.php\/wp-json\/wp\/v2\/pages\/56\/revisions"}],"predecessor-version":[{"id":670,"href":"https:\/\/initiative-wriezener-bahn.de\/index.php\/wp-json\/wp\/v2\/pages\/56\/revisions\/670"}],"wp:attachment":[{"href":"https:\/\/initiative-wriezener-bahn.de\/index.php\/wp-json\/wp\/v2\/media?parent=56"}],"curies":[{"name":"wp","href":"https:\/\/api.w.org\/{rel}","templated":true}]}}